{"id":2471,"date":"2022-05-11T15:52:41","date_gmt":"2022-05-11T14:52:41","guid":{"rendered":"https:\/\/pilotsaam.com\/?page_id=2471"},"modified":"2022-12-07T11:01:01","modified_gmt":"2022-12-07T10:01:01","slug":"elementor-2471","status":"publish","type":"page","link":"https:\/\/pilotsaam.com\/?page_id=2471&lang=fr","title":{"rendered":"Se connecter"},"content":{"rendered":"\t\t<div data-elementor-type=\"wp-page\" data-elementor-id=\"2471\" class=\"elementor elementor-2471\">\n\t\t\t\t\t\t<section class=\"elementor-section elementor-top-section elementor-element elementor-element-84c1dbb elementor-section-boxed elementor-section-height-default elementor-section-height-default\" data-id=\"84c1dbb\" data-element_type=\"section\" data-e-type=\"section\">\n\t\t\t\t\t\t<div class=\"elementor-container elementor-column-gap-default\">\n\t\t\t\t\t<div class=\"elementor-column elementor-col-100 elementor-top-column elementor-element elementor-element-a568df8\" data-id=\"a568df8\" data-element_type=\"column\" data-e-type=\"column\">\n\t\t\t<div class=\"elementor-widget-wrap elementor-element-populated\">\n\t\t\t\t\t\t<div class=\"elementor-element elementor-element-2affee4 elementor-widget elementor-widget-heading\" data-id=\"2affee4\" data-element_type=\"widget\" data-e-type=\"widget\" data-widget_type=\"heading.default\">\n\t\t\t\t<div class=\"elementor-widget-container\">\n\t\t\t\t\t<h2 class=\"elementor-heading-title elementor-size-default\">Se connecter<\/h2>\t\t\t\t<\/div>\n\t\t\t\t<\/div>\n\t\t\t\t<div class=\"elementor-element elementor-element-bc5c89f elementor-widget elementor-widget-html\" data-id=\"bc5c89f\" data-element_type=\"widget\" data-e-type=\"widget\" data-widget_type=\"html.default\">\n\t\t\t\t<div class=\"elementor-widget-container\">\n\t\t\t\t\t<form id=\"formLogin\" method=\"post\" action=\"https:\/\/novanet-saam.leaderinfo.com\/novanet\/portailAssure\/loginProcess.do\">\n    <p style=\"color:white;font-family:Raleway;\">L'identifiant est le login extranet, la r\u00e9f\u00e9rence client, et non votre adresse email.\n\n    <input type=\"text\" name=\"login\" id=\"login\" placeholder=\"ID\" value=\"\" class=\"form-control\">\n    <input type=\"password\" name=\"password\" id=\"password\" placeholder=\"Password\" value=\"\" class=\"form-control\">\n    <input name=\"referer\" id=\"referer\" type=\"hidden\" value=\"http:\/\/www.saam-assurance.com\" class=\"form-control\">\n    <input type=\"submit\" class=\"submit btn btn-primary\" value=\"Log in\" style=\"width: 100%; margin-top:2em;border-color:white;\">\n    <input type=\"hidden\" name=\"key\" id=\"key\" value=\"370b031c-0b56-49cc-8423-5ee57de4574b\" class=\"form-control\">\n    <input type=\"hidden\" name=\"xrechargement\" value=\"36538\" \/>\n    <input type=\"hidden\" name=\"recharge\" value=\"36538\" \/>\n    <input type=\"hidden\" name=\"sU\" id=\"sU\" value=\"saam\" class=\"form-control\">\n    <input type=\"hidden\" name=\"langue\" id=\"langue\" value=\"FR\" \/>\n<\/form>\n\t<div id=\"divReinitMdpExtranet\" style=\"color:white;text-align:center;margin-top:10px;\" ><a style=\"color:white;font-family:poppins;\" href=\"https:\/\/novanet-saam.leaderinfo.com\/novanet\/demanderReinitialisationMdpOublie.do\">mot de passe oubli\u00e9 \/ premi\u00e8re connexion<\/a><\/div>\t\t\t\t<\/div>\n\t\t\t\t<\/div>\n\t\t\t\t<div class=\"elementor-element elementor-element-06c3e09 elementor-widget elementor-widget-text-editor\" data-id=\"06c3e09\" data-element_type=\"widget\" data-e-type=\"widget\" data-widget_type=\"text-editor.default\">\n\t\t\t\t<div class=\"elementor-widget-container\">\n\t\t\t\t\t\t\t\t\t<p><span style=\"text-decoration: underline;\"><a href=\"https:\/\/novanet-saam.leaderinfo.com\/novanet\/demanderReinitialisationMdpOublie.do\" target=\"_blank\" rel=\"noopener\">Mot de passe oubli\u00e9<\/a><\/span><\/p>\t\t\t\t\t\t\t\t<\/div>\n\t\t\t\t<\/div>\n\t\t\t\t\t<\/div>\n\t\t<\/div>\n\t\t\t\t\t<\/div>\n\t\t<\/section>\n\t\t\t\t<\/div>\n\t\t","protected":false},"excerpt":{"rendered":"<p>Se connecter L&#8217;identifiant est le login extranet, la r\u00e9f\u00e9rence client, et non votre adresse email. mot de passe oubli\u00e9 \/ premi\u00e8re connexion Mot de passe oubli\u00e9<\/p>\n","protected":false},"author":1,"featured_media":0,"parent":0,"menu_order":0,"comment_status":"closed","ping_status":"closed","template":"","meta":{"footnotes":""},"class_list":["post-2471","page","type-page","status-publish","hentry"],"yoast_head":"<!-- This site is optimized with the Yoast SEO plugin v27.0 - https:\/\/yoast.com\/product\/yoast-seo-wordpress\/ -->\n<title>Se connecter - Pilot SAAM<\/title>\n<meta name=\"robots\" content=\"index, follow, max-snippet:-1, max-image-preview:large, max-video-preview:-1\" \/>\n<link rel=\"canonical\" href=\"https:\/\/pilotsaam.com\/?page_id=2471&lang=fr\" \/>\n<meta property=\"og:locale\" content=\"en_US\" \/>\n<meta property=\"og:type\" content=\"article\" \/>\n<meta property=\"og:title\" content=\"Se connecter - Pilot SAAM\" \/>\n<meta property=\"og:description\" content=\"Se connecter L&#8217;identifiant est le login extranet, la r\u00e9f\u00e9rence client, et non votre adresse email. mot de passe oubli\u00e9 \/ premi\u00e8re connexion Mot de passe oubli\u00e9\" \/>\n<meta property=\"og:url\" content=\"https:\/\/pilotsaam.com\/?page_id=2471&amp;lang=fr\" \/>\n<meta property=\"og:site_name\" content=\"Pilot SAAM\" \/>\n<meta property=\"article:modified_time\" content=\"2022-12-07T10:01:01+00:00\" \/>\n<meta name=\"twitter:card\" content=\"summary_large_image\" \/>\n<meta name=\"twitter:site\" content=\"@PilotSAAM\" \/>\n<script type=\"application\/ld+json\" class=\"yoast-schema-graph\">{\"@context\":\"https:\/\/schema.org\",\"@graph\":[{\"@type\":\"WebPage\",\"@id\":\"https:\/\/pilotsaam.com\/?page_id=2471&lang=fr\",\"url\":\"https:\/\/pilotsaam.com\/?page_id=2471&lang=fr\",\"name\":\"Se connecter - Pilot SAAM\",\"isPartOf\":{\"@id\":\"https:\/\/pilotsaam.com\/#website\"},\"datePublished\":\"2022-05-11T14:52:41+00:00\",\"dateModified\":\"2022-12-07T10:01:01+00:00\",\"breadcrumb\":{\"@id\":\"https:\/\/pilotsaam.com\/?page_id=2471&lang=fr#breadcrumb\"},\"inLanguage\":\"en-US\",\"potentialAction\":[{\"@type\":\"ReadAction\",\"target\":[\"https:\/\/pilotsaam.com\/?page_id=2471&lang=fr\"]}]},{\"@type\":\"BreadcrumbList\",\"@id\":\"https:\/\/pilotsaam.com\/?page_id=2471&lang=fr#breadcrumb\",\"itemListElement\":[{\"@type\":\"ListItem\",\"position\":1,\"name\":\"Home\",\"item\":\"https:\/\/pilotsaam.com\/\"},{\"@type\":\"ListItem\",\"position\":2,\"name\":\"Se connecter\"}]},{\"@type\":\"WebSite\",\"@id\":\"https:\/\/pilotsaam.com\/#website\",\"url\":\"https:\/\/pilotsaam.com\/\",\"name\":\"Pilot SAAM\",\"description\":\"You fly, we care\",\"publisher\":{\"@id\":\"https:\/\/pilotsaam.com\/#organization\"},\"potentialAction\":[{\"@type\":\"SearchAction\",\"target\":{\"@type\":\"EntryPoint\",\"urlTemplate\":\"https:\/\/pilotsaam.com\/?s={search_term_string}\"},\"query-input\":{\"@type\":\"PropertyValueSpecification\",\"valueRequired\":true,\"valueName\":\"search_term_string\"}}],\"inLanguage\":\"en-US\"},{\"@type\":\"Organization\",\"@id\":\"https:\/\/pilotsaam.com\/#organization\",\"name\":\"Pilot SAAM\",\"url\":\"https:\/\/pilotsaam.com\/\",\"logo\":{\"@type\":\"ImageObject\",\"inLanguage\":\"en-US\",\"@id\":\"https:\/\/pilotsaam.com\/#\/schema\/logo\/image\/\",\"url\":\"https:\/\/pilotsaam.com\/wp-content\/uploads\/2016\/10\/cropped-2016_10_01_logo_Pilot_SAAM_200px.png\",\"contentUrl\":\"https:\/\/pilotsaam.com\/wp-content\/uploads\/2016\/10\/cropped-2016_10_01_logo_Pilot_SAAM_200px.png\",\"width\":200,\"height\":41,\"caption\":\"Pilot SAAM\"},\"image\":{\"@id\":\"https:\/\/pilotsaam.com\/#\/schema\/logo\/image\/\"},\"sameAs\":[\"https:\/\/x.com\/PilotSAAM\",\"https:\/\/www.linkedin.com\/company\/5179172?trk=tyah&trkInfo=clickedVertical:showcase,clickedEntityId:5179172,idx:3-1-3,tarId:1484234040177,tas:pilot saam\"]}]}<\/script>\n<!-- \/ Yoast SEO plugin. -->","yoast_head_json":{"title":"Se connecter - Pilot SAAM","robots":{"index":"index","follow":"follow","max-snippet":"max-snippet:-1","max-image-preview":"max-image-preview:large","max-video-preview":"max-video-preview:-1"},"canonical":"https:\/\/pilotsaam.com\/?page_id=2471&lang=fr","og_locale":"en_US","og_type":"article","og_title":"Se connecter - Pilot SAAM","og_description":"Se connecter L&#8217;identifiant est le login extranet, la r\u00e9f\u00e9rence client, et non votre adresse email. mot de passe oubli\u00e9 \/ premi\u00e8re connexion Mot de passe oubli\u00e9","og_url":"https:\/\/pilotsaam.com\/?page_id=2471&lang=fr","og_site_name":"Pilot SAAM","article_modified_time":"2022-12-07T10:01:01+00:00","twitter_card":"summary_large_image","twitter_site":"@PilotSAAM","schema":{"@context":"https:\/\/schema.org","@graph":[{"@type":"WebPage","@id":"https:\/\/pilotsaam.com\/?page_id=2471&lang=fr","url":"https:\/\/pilotsaam.com\/?page_id=2471&lang=fr","name":"Se connecter - Pilot SAAM","isPartOf":{"@id":"https:\/\/pilotsaam.com\/#website"},"datePublished":"2022-05-11T14:52:41+00:00","dateModified":"2022-12-07T10:01:01+00:00","breadcrumb":{"@id":"https:\/\/pilotsaam.com\/?page_id=2471&lang=fr#breadcrumb"},"inLanguage":"en-US","potentialAction":[{"@type":"ReadAction","target":["https:\/\/pilotsaam.com\/?page_id=2471&lang=fr"]}]},{"@type":"BreadcrumbList","@id":"https:\/\/pilotsaam.com\/?page_id=2471&lang=fr#breadcrumb","itemListElement":[{"@type":"ListItem","position":1,"name":"Home","item":"https:\/\/pilotsaam.com\/"},{"@type":"ListItem","position":2,"name":"Se connecter"}]},{"@type":"WebSite","@id":"https:\/\/pilotsaam.com\/#website","url":"https:\/\/pilotsaam.com\/","name":"Pilot SAAM","description":"You fly, we care","publisher":{"@id":"https:\/\/pilotsaam.com\/#organization"},"potentialAction":[{"@type":"SearchAction","target":{"@type":"EntryPoint","urlTemplate":"https:\/\/pilotsaam.com\/?s={search_term_string}"},"query-input":{"@type":"PropertyValueSpecification","valueRequired":true,"valueName":"search_term_string"}}],"inLanguage":"en-US"},{"@type":"Organization","@id":"https:\/\/pilotsaam.com\/#organization","name":"Pilot SAAM","url":"https:\/\/pilotsaam.com\/","logo":{"@type":"ImageObject","inLanguage":"en-US","@id":"https:\/\/pilotsaam.com\/#\/schema\/logo\/image\/","url":"https:\/\/pilotsaam.com\/wp-content\/uploads\/2016\/10\/cropped-2016_10_01_logo_Pilot_SAAM_200px.png","contentUrl":"https:\/\/pilotsaam.com\/wp-content\/uploads\/2016\/10\/cropped-2016_10_01_logo_Pilot_SAAM_200px.png","width":200,"height":41,"caption":"Pilot SAAM"},"image":{"@id":"https:\/\/pilotsaam.com\/#\/schema\/logo\/image\/"},"sameAs":["https:\/\/x.com\/PilotSAAM","https:\/\/www.linkedin.com\/company\/5179172?trk=tyah&trkInfo=clickedVertical:showcase,clickedEntityId:5179172,idx:3-1-3,tarId:1484234040177,tas:pilot saam"]}]}},"_links":{"self":[{"href":"https:\/\/pilotsaam.com\/index.php?rest_route=\/wp\/v2\/pages\/2471","targetHints":{"allow":["GET"]}}],"collection":[{"href":"https:\/\/pilotsaam.com\/index.php?rest_route=\/wp\/v2\/pages"}],"about":[{"href":"https:\/\/pilotsaam.com\/index.php?rest_route=\/wp\/v2\/types\/page"}],"author":[{"embeddable":true,"href":"https:\/\/pilotsaam.com\/index.php?rest_route=\/wp\/v2\/users\/1"}],"replies":[{"embeddable":true,"href":"https:\/\/pilotsaam.com\/index.php?rest_route=%2Fwp%2Fv2%2Fcomments&post=2471"}],"version-history":[{"count":17,"href":"https:\/\/pilotsaam.com\/index.php?rest_route=\/wp\/v2\/pages\/2471\/revisions"}],"predecessor-version":[{"id":3037,"href":"https:\/\/pilotsaam.com\/index.php?rest_route=\/wp\/v2\/pages\/2471\/revisions\/3037"}],"wp:attachment":[{"href":"https:\/\/pilotsaam.com\/index.php?rest_route=%2Fwp%2Fv2%2Fmedia&parent=2471"}],"curies":[{"name":"wp","href":"https:\/\/api.w.org\/{rel}","templated":true}]}}